{"id":2978,"date":"2023-10-05T10:38:54","date_gmt":"2023-10-05T08:38:54","guid":{"rendered":"https:\/\/wttb.pl\/o-firmie\/"},"modified":"2024-05-10T13:58:10","modified_gmt":"2024-05-10T11:58:10","slug":"ueber-das-unternehmen","status":"publish","type":"page","link":"https:\/\/wttb.pl\/de\/ueber-das-unternehmen\/","title":{"rendered":"\u00dcber das Unternehmen"},"content":{"rendered":"\t\t<div data-elementor-type=\"wp-post\" data-elementor-id=\"2978\" class=\"elementor elementor-2978 elementor-2210\" data-elementor-post-type=\"page\">\n\t\t\t\t\t\t<section class=\"elementor-section elementor-top-section elementor-element elementor-element-3ba8fbf elementor-section-content-middle elementor-section-boxed elementor-section-height-default elementor-section-height-default\" data-id=\"3ba8fbf\" data-element_type=\"section\">\n\t\t\t\t\t\t<div class=\"elementor-container elementor-column-gap-default\">\n\t\t\t\t\t<div class=\"elementor-column elementor-col-50 elementor-top-column elementor-element elementor-element-bab40b2\" data-id=\"bab40b2\" data-element_type=\"column\">\n\t\t\t<div class=\"elementor-widget-wrap elementor-element-populated\">\n\t\t\t\t\t\t<div class=\"elementor-element elementor-element-674d5a2 elementor-widget elementor-widget-image\" data-id=\"674d5a2\" data-element_type=\"widget\" data-widget_type=\"image.default\">\n\t\t\t\t<div class=\"elementor-widget-container\">\n\t\t\t\t\t\t\t\t\t\t\t\t\t<img fetchpriority=\"high\" decoding=\"async\" width=\"1024\" height=\"683\" src=\"https:\/\/wttb.pl\/wp-content\/uploads\/2019\/08\/Zdj\u0119cie-3-1024x683.jpg\" class=\"attachment-large size-large wp-image-460\" alt=\"\" srcset=\"https:\/\/wttb.pl\/wp-content\/uploads\/2019\/08\/Zdj\u0119cie-3-1024x683.jpg 1024w, https:\/\/wttb.pl\/wp-content\/uploads\/2019\/08\/Zdj\u0119cie-3-300x200.jpg 300w, https:\/\/wttb.pl\/wp-content\/uploads\/2019\/08\/Zdj\u0119cie-3-768x512.jpg 768w, https:\/\/wttb.pl\/wp-content\/uploads\/2019\/08\/Zdj\u0119cie-3-600x400.jpg 600w, https:\/\/wttb.pl\/wp-content\/uploads\/2019\/08\/Zdj\u0119cie-3.jpg 1620w\" sizes=\"(max-width: 1024px) 100vw, 1024px\" \/>\t\t\t\t\t\t\t\t\t\t\t\t\t<\/div>\n\t\t\t\t<\/div>\n\t\t\t\t\t<\/div>\n\t\t<\/div>\n\t\t\t\t<div class=\"elementor-column elementor-col-50 elementor-top-column elementor-element elementor-element-9d11966\" data-id=\"9d11966\" data-element_type=\"column\">\n\t\t\t<div class=\"elementor-widget-wrap elementor-element-populated\">\n\t\t\t\t\t\t<section class=\"elementor-section elementor-inner-section elementor-element elementor-element-5246f95 elementor-section-boxed elementor-section-height-default elementor-section-height-default\" data-id=\"5246f95\" data-element_type=\"section\">\n\t\t\t\t\t\t<div class=\"elementor-container elementor-column-gap-default\">\n\t\t\t\t\t<div class=\"elementor-column elementor-col-50 elementor-inner-column elementor-element elementor-element-ca54f7c\" data-id=\"ca54f7c\" data-element_type=\"column\">\n\t\t\t<div class=\"elementor-widget-wrap elementor-element-populated\">\n\t\t\t\t\t\t<div class=\"elementor-element elementor-element-21b420d elementor-widget elementor-widget-heading\" data-id=\"21b420d\" data-element_type=\"widget\" data-widget_type=\"heading.default\">\n\t\t\t\t<div class=\"elementor-widget-container\">\n\t\t\t<h2 class=\"elementor-heading-title elementor-size-default\">\u00dcber das Unternehmen<\/h2>\t\t<\/div>\n\t\t\t\t<\/div>\n\t\t\t\t\t<\/div>\n\t\t<\/div>\n\t\t\t\t<div class=\"elementor-column elementor-col-50 elementor-inner-column elementor-element elementor-element-9aefd38\" data-id=\"9aefd38\" data-element_type=\"column\">\n\t\t\t<div class=\"elementor-widget-wrap elementor-element-populated\">\n\t\t\t\t\t\t<div class=\"elementor-element elementor-element-6b2a36e elementor-widget-divider--view-line elementor-widget elementor-widget-divider\" data-id=\"6b2a36e\" data-element_type=\"widget\" data-widget_type=\"divider.default\">\n\t\t\t\t<div class=\"elementor-widget-container\">\n\t\t\t\t\t<div class=\"elementor-divider\">\n\t\t\t<span class=\"elementor-divider-separator\">\n\t\t\t\t\t\t<\/span>\n\t\t<\/div>\n\t\t\t\t<\/div>\n\t\t\t\t<\/div>\n\t\t\t\t\t<\/div>\n\t\t<\/div>\n\t\t\t\t\t<\/div>\n\t\t<\/section>\n\t\t\t\t<div class=\"elementor-element elementor-element-c5f5843 elementor-widget elementor-widget-text-editor\" data-id=\"c5f5843\" data-element_type=\"widget\" data-widget_type=\"text-editor.default\">\n\t\t\t\t<div class=\"elementor-widget-container\">\n\t\t\t\t\t\t\tWir sind wahre Liebhaber saftiger, nat\u00fcrlicher Aromen, die dank ihrer langj\u00e4hrigen Erfahrung in der Lage sind, den von uns produzierten Sorten beste Wachstumsbedingungen zu bieten. Als Produzent von \u00c4pfeln und anderen Fr\u00fcchten exportieren, kaufen und verkaufen wir diese. Unsere Familientraditionen werden seit 3 \u200b\u200bGenerationen gepr\u00e4gt \u2013 eine so lange Geschichte beweist, dass wir unseren Beruf sehr gut kennen.\t\t\t\t\t\t<\/div>\n\t\t\t\t<\/div>\n\t\t\t\t\t<\/div>\n\t\t<\/div>\n\t\t\t\t\t<\/div>\n\t\t<\/section>\n\t\t\t\t<section class=\"elementor-section elementor-top-section elementor-element elementor-element-757e97cd elementor-section-content-middle elementor-section-boxed elementor-section-height-default elementor-section-height-default\" data-id=\"757e97cd\" data-element_type=\"section\" data-settings=\"{&quot;background_background&quot;:&quot;classic&quot;}\">\n\t\t\t\t\t\t<div class=\"elementor-container elementor-column-gap-no\">\n\t\t\t\t\t<div class=\"elementor-column elementor-col-100 elementor-top-column elementor-element elementor-element-38859e30\" data-id=\"38859e30\" data-element_type=\"column\">\n\t\t\t<div class=\"elementor-widget-wrap elementor-element-populated\">\n\t\t\t\t\t\t<section class=\"elementor-section elementor-inner-section elementor-element elementor-element-668cae3f elementor-section-boxed elementor-section-height-default elementor-section-height-default\" data-id=\"668cae3f\" data-element_type=\"section\">\n\t\t\t\t\t\t<div class=\"elementor-container elementor-column-gap-default\">\n\t\t\t\t\t<div class=\"elementor-column elementor-col-50 elementor-inner-column elementor-element elementor-element-44103a4a\" data-id=\"44103a4a\" data-element_type=\"column\">\n\t\t\t<div class=\"elementor-widget-wrap elementor-element-populated\">\n\t\t\t\t\t\t<div class=\"elementor-element elementor-element-137cdd02 elementor-widget elementor-widget-text-editor\" data-id=\"137cdd02\" data-element_type=\"widget\" data-widget_type=\"text-editor.default\">\n\t\t\t\t<div class=\"elementor-widget-container\">\n\t\t\t\t\t\t\tWir empfehlen Ihnen, die Registerkarte \u201eAngebot\u201c zu lesen. Dort finden Sie detaillierte Informationen zu den von uns angebauten Sorten. Derzeit sind wir in der Lage, den Export, Kauf und Verkauf von \u00c4pfeln und anderen Fr\u00fcchten an Kunden aus vielen ausl\u00e4ndischen L\u00e4ndern anzubieten, darunter: Saudi-Arabien, Niederlande, Georgien, \u00c4gypten, Spanien, Nigeria, Finnland, Kasachstan, Serbien, Gro\u00dfbritannien, Schweden, Ukraine, Ungarn, Frankreich und andere L\u00e4nder.\t\t\t\t\t\t<\/div>\n\t\t\t\t<\/div>\n\t\t\t\t\t<\/div>\n\t\t<\/div>\n\t\t\t\t<div class=\"elementor-column elementor-col-50 elementor-inner-column elementor-element elementor-element-4fd82a2e\" data-id=\"4fd82a2e\" data-element_type=\"column\">\n\t\t\t<div class=\"elementor-widget-wrap elementor-element-populated\">\n\t\t\t\t\t\t<div class=\"elementor-element elementor-element-32883292 elementor-widget elementor-widget-text-editor\" data-id=\"32883292\" data-element_type=\"widget\" data-widget_type=\"text-editor.default\">\n\t\t\t\t<div class=\"elementor-widget-container\">\n\t\t\t\t\t\t\tK\u00fcrzlich konnten wir unsere Produktionslinien durch die Erweiterung unseres Maschinenparks und unseres Lagers verbessern. Dank der Tatsache, dass wir ein Hersteller sind, der sich systematisch um die Verbesserung der Produktionsbedingungen unserer Produkte bem\u00fcht, beweisen wir, dass wir Dienstleistungen auf h\u00f6chstem Niveau entwickeln und unseren Kunden bieten wollen. Das bedeutet, dass auch die anspruchsvollsten unter ihnen mit der Zusammenarbeit zufrieden sein werden.\t\t\t\t\t\t<\/div>\n\t\t\t\t<\/div>\n\t\t\t\t\t<\/div>\n\t\t<\/div>\n\t\t\t\t\t<\/div>\n\t\t<\/section>\n\t\t\t\t\t<\/div>\n\t\t<\/div>\n\t\t\t\t\t<\/div>\n\t\t<\/section>\n\t\t\t\t<section class=\"elementor-section elementor-top-section elementor-element elementor-element-6f41d20 elementor-section-content-middle elementor-section-boxed elementor-section-height-default elementor-section-height-default\" data-id=\"6f41d20\" data-element_type=\"section\" data-settings=\"{&quot;background_background&quot;:&quot;classic&quot;}\">\n\t\t\t\t\t\t<div class=\"elementor-container elementor-column-gap-default\">\n\t\t\t\t\t<div class=\"elementor-column elementor-col-50 elementor-top-column elementor-element elementor-element-24abde5 elementor-sm-50\" data-id=\"24abde5\" data-element_type=\"column\">\n\t\t\t<div class=\"elementor-widget-wrap elementor-element-populated\">\n\t\t\t\t\t\t<div class=\"elementor-element elementor-element-aad3c5c elementor-position-right elementor-vertical-align-middle elementor-widget elementor-widget-image-box\" data-id=\"aad3c5c\" data-element_type=\"widget\" data-widget_type=\"image-box.default\">\n\t\t\t\t<div class=\"elementor-widget-container\">\n\t\t\t<div class=\"elementor-image-box-wrapper\"><figure class=\"elementor-image-box-img\"><img decoding=\"async\" width=\"512\" height=\"512\" src=\"https:\/\/wttb.pl\/wp-content\/uploads\/2018\/09\/box-package-on-a-cart.png\" class=\"attachment-full size-full wp-image-276\" alt=\"\" srcset=\"https:\/\/wttb.pl\/wp-content\/uploads\/2018\/09\/box-package-on-a-cart.png 512w, https:\/\/wttb.pl\/wp-content\/uploads\/2018\/09\/box-package-on-a-cart-150x150.png 150w, https:\/\/wttb.pl\/wp-content\/uploads\/2018\/09\/box-package-on-a-cart-300x300.png 300w, https:\/\/wttb.pl\/wp-content\/uploads\/2018\/09\/box-package-on-a-cart-100x100.png 100w\" sizes=\"(max-width: 512px) 100vw, 512px\" \/><\/figure><div class=\"elementor-image-box-content\"><h3 class=\"elementor-image-box-title\">Gro\u00dfe Lagerm\u00f6glichkeiten<\/h3><p class=\"elementor-image-box-description\">Lagerhallen mit einer Fl\u00e4che von \u00fcber 2.000 m2.<\/p><\/div><\/div>\t\t<\/div>\n\t\t\t\t<\/div>\n\t\t\t\t\t<\/div>\n\t\t<\/div>\n\t\t\t\t<div class=\"elementor-column elementor-col-50 elementor-top-column elementor-element elementor-element-49c20b8 elementor-sm-50\" data-id=\"49c20b8\" data-element_type=\"column\">\n\t\t\t<div class=\"elementor-widget-wrap elementor-element-populated\">\n\t\t\t\t\t\t<div class=\"elementor-element elementor-element-f564302 elementor-position-left elementor-vertical-align-middle elementor-widget elementor-widget-image-box\" data-id=\"f564302\" data-element_type=\"widget\" data-widget_type=\"image-box.default\">\n\t\t\t\t<div class=\"elementor-widget-container\">\n\t\t\t<div class=\"elementor-image-box-wrapper\"><figure class=\"elementor-image-box-img\"><img decoding=\"async\" width=\"512\" height=\"512\" src=\"https:\/\/wttb.pl\/wp-content\/uploads\/2018\/09\/apple-fruit.png\" class=\"attachment-full size-full wp-image-278\" alt=\"\" srcset=\"https:\/\/wttb.pl\/wp-content\/uploads\/2018\/09\/apple-fruit.png 512w, https:\/\/wttb.pl\/wp-content\/uploads\/2018\/09\/apple-fruit-150x150.png 150w, https:\/\/wttb.pl\/wp-content\/uploads\/2018\/09\/apple-fruit-300x300.png 300w, https:\/\/wttb.pl\/wp-content\/uploads\/2018\/09\/apple-fruit-100x100.png 100w\" sizes=\"(max-width: 512px) 100vw, 512px\" \/><\/figure><div class=\"elementor-image-box-content\"><h3 class=\"elementor-image-box-title\">Wir liefern Obst aus polnischen Obstg\u00e4rten<\/h3><p class=\"elementor-image-box-description\">Unser Lager befindet sich im gr\u00f6\u00dften Obstgartengebiet Europas.<\/p><\/div><\/div>\t\t<\/div>\n\t\t\t\t<\/div>\n\t\t\t\t\t<\/div>\n\t\t<\/div>\n\t\t\t\t\t<\/div>\n\t\t<\/section>\n\t\t\t\t<section class=\"elementor-section elementor-top-section elementor-element elementor-element-88190c8 elementor-section-content-middle elementor-section-boxed elementor-section-height-default elementor-section-height-default\" data-id=\"88190c8\" data-element_type=\"section\" data-settings=\"{&quot;background_background&quot;:&quot;classic&quot;}\">\n\t\t\t\t\t\t<div class=\"elementor-container elementor-column-gap-default\">\n\t\t\t\t\t<div class=\"elementor-column elementor-col-50 elementor-top-column elementor-element elementor-element-78483f9 elementor-sm-50\" data-id=\"78483f9\" data-element_type=\"column\">\n\t\t\t<div class=\"elementor-widget-wrap elementor-element-populated\">\n\t\t\t\t\t\t<div class=\"elementor-element elementor-element-c8c7f47 elementor-position-right elementor-vertical-align-middle elementor-widget elementor-widget-image-box\" data-id=\"c8c7f47\" data-element_type=\"widget\" data-widget_type=\"image-box.default\">\n\t\t\t\t<div class=\"elementor-widget-container\">\n\t\t\t<div class=\"elementor-image-box-wrapper\"><figure class=\"elementor-image-box-img\"><img loading=\"lazy\" decoding=\"async\" width=\"512\" height=\"512\" src=\"https:\/\/wttb.pl\/wp-content\/uploads\/2018\/09\/delivery-truck.png\" class=\"attachment-full size-full wp-image-277\" alt=\"\" srcset=\"https:\/\/wttb.pl\/wp-content\/uploads\/2018\/09\/delivery-truck.png 512w, https:\/\/wttb.pl\/wp-content\/uploads\/2018\/09\/delivery-truck-150x150.png 150w, https:\/\/wttb.pl\/wp-content\/uploads\/2018\/09\/delivery-truck-300x300.png 300w, https:\/\/wttb.pl\/wp-content\/uploads\/2018\/09\/delivery-truck-100x100.png 100w\" sizes=\"(max-width: 512px) 100vw, 512px\" \/><\/figure><div class=\"elementor-image-box-content\"><h3 class=\"elementor-image-box-title\">Wir sorgen f\u00fcr Transport<\/h3><p class=\"elementor-image-box-description\">Zus\u00e4tzlich zu unserem eigenen Transport arbeiten wir mit den gr\u00f6\u00dften Spediteuren in Polen und im Ausland zusammen.<\/p><\/div><\/div>\t\t<\/div>\n\t\t\t\t<\/div>\n\t\t\t\t\t<\/div>\n\t\t<\/div>\n\t\t\t\t<div class=\"elementor-column elementor-col-50 elementor-top-column elementor-element elementor-element-7d85499 elementor-sm-50\" data-id=\"7d85499\" data-element_type=\"column\">\n\t\t\t<div class=\"elementor-widget-wrap elementor-element-populated\">\n\t\t\t\t\t\t<div class=\"elementor-element elementor-element-8a2a3e7 elementor-position-left elementor-vertical-align-middle elementor-widget elementor-widget-image-box\" data-id=\"8a2a3e7\" data-element_type=\"widget\" data-widget_type=\"image-box.default\">\n\t\t\t\t<div class=\"elementor-widget-container\">\n\t\t\t<div class=\"elementor-image-box-wrapper\"><figure class=\"elementor-image-box-img\"><img loading=\"lazy\" decoding=\"async\" width=\"512\" height=\"512\" src=\"https:\/\/wttb.pl\/wp-content\/uploads\/2018\/09\/games-certificate.png\" class=\"attachment-full size-full wp-image-279\" alt=\"\" srcset=\"https:\/\/wttb.pl\/wp-content\/uploads\/2018\/09\/games-certificate.png 512w, https:\/\/wttb.pl\/wp-content\/uploads\/2018\/09\/games-certificate-150x150.png 150w, https:\/\/wttb.pl\/wp-content\/uploads\/2018\/09\/games-certificate-300x300.png 300w, https:\/\/wttb.pl\/wp-content\/uploads\/2018\/09\/games-certificate-100x100.png 100w\" sizes=\"(max-width: 512px) 100vw, 512px\" \/><\/figure><div class=\"elementor-image-box-content\"><h3 class=\"elementor-image-box-title\">Wir sind ein verantwortungsbewusstes Unternehmen<\/h3><p class=\"elementor-image-box-description\">Die Zahl zufriedener Kunden w\u00e4chst stetig.<\/p><\/div><\/div>\t\t<\/div>\n\t\t\t\t<\/div>\n\t\t\t\t\t<\/div>\n\t\t<\/div>\n\t\t\t\t\t<\/div>\n\t\t<\/section>\n\t\t\t\t<section class=\"elementor-section elementor-top-section elementor-element elementor-element-544ee90 elementor-section-content-middle elementor-section-boxed elementor-section-height-default elementor-section-height-default\" data-id=\"544ee90\" data-element_type=\"section\">\n\t\t\t\t\t\t<div class=\"elementor-container elementor-column-gap-no\">\n\t\t\t\t\t<div class=\"elementor-column elementor-col-100 elementor-top-column elementor-element elementor-element-2c21b61\" data-id=\"2c21b61\" data-element_type=\"column\">\n\t\t\t<div class=\"elementor-widget-wrap elementor-element-populated\">\n\t\t\t\t\t\t<div class=\"elementor-element elementor-element-0648d7d elementor-skin-carousel elementor-arrows-yes elementor-widget elementor-widget-media-carousel\" data-id=\"0648d7d\" data-element_type=\"widget\" data-settings=\"{&quot;space_between&quot;:{&quot;unit&quot;:&quot;px&quot;,&quot;size&quot;:29,&quot;sizes&quot;:[]},&quot;slides_per_view&quot;:&quot;4&quot;,&quot;skin&quot;:&quot;carousel&quot;,&quot;effect&quot;:&quot;slide&quot;,&quot;show_arrows&quot;:&quot;yes&quot;,&quot;speed&quot;:500,&quot;autoplay&quot;:&quot;yes&quot;,&quot;autoplay_speed&quot;:5000,&quot;loop&quot;:&quot;yes&quot;,&quot;pause_on_hover&quot;:&quot;yes&quot;,&quot;pause_on_interaction&quot;:&quot;yes&quot;,&quot;space_between_tablet&quot;:{&quot;unit&quot;:&quot;px&quot;,&quot;size&quot;:10,&quot;sizes&quot;:[]},&quot;space_between_mobile&quot;:{&quot;unit&quot;:&quot;px&quot;,&quot;size&quot;:10,&quot;sizes&quot;:[]}}\" data-widget_type=\"media-carousel.default\">\n\t\t\t\t<div class=\"elementor-widget-container\">\n\t\t\t\t\t<div class=\"elementor-swiper\">\n\t\t\t<div class=\"elementor-main-swiper swiper\">\n\t\t\t\t<div class=\"swiper-wrapper\">\n\t\t\t\t\t\t\t\t\t\t\t<div class=\"swiper-slide\">\n\t\t\t\t\t\t\t<a href=\"http:\/\/wttb.pl\/wp-content\/uploads\/2018\/09\/1489.jpg\" data-elementor-open-lightbox=\"yes\" data-elementor-lightbox-slideshow=\"0648d7d\" data-elementor-lightbox-title=\"Fresh Red Apples\" data-e-action-hash=\"#elementor-action%3Aaction%3Dlightbox%26settings%3DeyJpZCI6OTYsInVybCI6Imh0dHBzOlwvXC93dHRiLnBsXC93cC1jb250ZW50XC91cGxvYWRzXC8yMDE4XC8wOVwvMTQ4OS5qcGciLCJzbGlkZXNob3ciOiIwNjQ4ZDdkIn0%3D\">\t\t<div class=\"elementor-carousel-image\" role=\"img\" aria-label=\"Fresh Red Apples in the Small Wooden Crate Closeup Photo. Organic Apples.\" style=\"background-image: url(&#039;https:\/\/wttb.pl\/wp-content\/uploads\/2018\/09\/1489.jpg&#039;)\">\n\n\t\t\t\n\t\t\t\t\t<\/div>\n\t\t\t\t\t<div class=\"elementor-carousel-image-overlay e-overlay-animation-fade\">\n\t\t\t\t<i class=\"fas fa-search-plus\"><\/i>\t\t\t<\/div>\n\t\t\t<\/a>\t\t\t\t\t\t<\/div>\n\t\t\t\t\t\t\t\t\t\t\t<div class=\"swiper-slide\">\n\t\t\t\t\t\t\t<a href=\"http:\/\/wttb.pl\/wp-content\/uploads\/2018\/09\/391950-PCDANB-482.jpg\" data-elementor-open-lightbox=\"yes\" data-elementor-lightbox-slideshow=\"0648d7d\" data-elementor-lightbox-title=\"391950-PCDANB-482\" data-e-action-hash=\"#elementor-action%3Aaction%3Dlightbox%26settings%3DeyJpZCI6OTQsInVybCI6Imh0dHBzOlwvXC93dHRiLnBsXC93cC1jb250ZW50XC91cGxvYWRzXC8yMDE4XC8wOVwvMzkxOTUwLVBDREFOQi00ODIuanBnIiwic2xpZGVzaG93IjoiMDY0OGQ3ZCJ9\">\t\t<div class=\"elementor-carousel-image\" role=\"img\" aria-label=\"391950-PCDANB-482\" style=\"background-image: url(&#039;https:\/\/wttb.pl\/wp-content\/uploads\/2018\/09\/391950-PCDANB-482.jpg&#039;)\">\n\n\t\t\t\n\t\t\t\t\t<\/div>\n\t\t\t\t\t<div class=\"elementor-carousel-image-overlay e-overlay-animation-fade\">\n\t\t\t\t<i class=\"fas fa-search-plus\"><\/i>\t\t\t<\/div>\n\t\t\t<\/a>\t\t\t\t\t\t<\/div>\n\t\t\t\t\t\t\t\t\t\t\t<div class=\"swiper-slide\">\n\t\t\t\t\t\t\t<a href=\"http:\/\/wttb.pl\/wp-content\/uploads\/2018\/09\/399410-PCOQ7R-15.jpg\" data-elementor-open-lightbox=\"yes\" data-elementor-lightbox-slideshow=\"0648d7d\" data-elementor-lightbox-title=\"399410-PCOQ7R-15\" data-e-action-hash=\"#elementor-action%3Aaction%3Dlightbox%26settings%3DeyJpZCI6OTIsInVybCI6Imh0dHBzOlwvXC93dHRiLnBsXC93cC1jb250ZW50XC91cGxvYWRzXC8yMDE4XC8wOVwvMzk5NDEwLVBDT1E3Ui0xNS5qcGciLCJzbGlkZXNob3ciOiIwNjQ4ZDdkIn0%3D\">\t\t<div class=\"elementor-carousel-image\" role=\"img\" aria-label=\"399410-PCOQ7R-15\" style=\"background-image: url(&#039;https:\/\/wttb.pl\/wp-content\/uploads\/2018\/09\/399410-PCOQ7R-15.jpg&#039;)\">\n\n\t\t\t\n\t\t\t\t\t<\/div>\n\t\t\t\t\t<div class=\"elementor-carousel-image-overlay e-overlay-animation-fade\">\n\t\t\t\t<i class=\"fas fa-search-plus\"><\/i>\t\t\t<\/div>\n\t\t\t<\/a>\t\t\t\t\t\t<\/div>\n\t\t\t\t\t\t\t\t\t\t\t<div class=\"swiper-slide\">\n\t\t\t\t\t\t\t<a href=\"http:\/\/wttb.pl\/wp-content\/uploads\/2018\/09\/O8RDST0.jpg\" data-elementor-open-lightbox=\"yes\" data-elementor-lightbox-slideshow=\"0648d7d\" data-elementor-lightbox-title=\"Colorful fruits and vegetables background\" data-e-action-hash=\"#elementor-action%3Aaction%3Dlightbox%26settings%3DeyJpZCI6NzIsInVybCI6Imh0dHBzOlwvXC93dHRiLnBsXC93cC1jb250ZW50XC91cGxvYWRzXC8yMDE4XC8wOVwvTzhSRFNUMC5qcGciLCJzbGlkZXNob3ciOiIwNjQ4ZDdkIn0%3D\">\t\t<div class=\"elementor-carousel-image\" role=\"img\" aria-label=\"Colorful fruits and vegetables background\" style=\"background-image: url(&#039;https:\/\/wttb.pl\/wp-content\/uploads\/2018\/09\/O8RDST0.jpg&#039;)\">\n\n\t\t\t\n\t\t\t\t\t<\/div>\n\t\t\t\t\t<div class=\"elementor-carousel-image-overlay e-overlay-animation-fade\">\n\t\t\t\t<i class=\"fas fa-search-plus\"><\/i>\t\t\t<\/div>\n\t\t\t<\/a>\t\t\t\t\t\t<\/div>\n\t\t\t\t\t\t\t\t\t\t\t<div class=\"swiper-slide\">\n\t\t\t\t\t\t\t<a href=\"http:\/\/wttb.pl\/wp-content\/uploads\/2018\/09\/OQVIFM0.jpg\" data-elementor-open-lightbox=\"yes\" data-elementor-lightbox-slideshow=\"0648d7d\" data-elementor-lightbox-title=\"OQVIFM0\" data-e-action-hash=\"#elementor-action%3Aaction%3Dlightbox%26settings%3DeyJpZCI6NDEsInVybCI6Imh0dHBzOlwvXC93dHRiLnBsXC93cC1jb250ZW50XC91cGxvYWRzXC8yMDE4XC8wOVwvT1FWSUZNMC5qcGciLCJzbGlkZXNob3ciOiIwNjQ4ZDdkIn0%3D\">\t\t<div class=\"elementor-carousel-image\" role=\"img\" aria-label=\"OQVIFM0\" style=\"background-image: url(&#039;https:\/\/wttb.pl\/wp-content\/uploads\/2018\/09\/OQVIFM0.jpg&#039;)\">\n\n\t\t\t\n\t\t\t\t\t<\/div>\n\t\t\t\t\t<div class=\"elementor-carousel-image-overlay e-overlay-animation-fade\">\n\t\t\t\t<i class=\"fas fa-search-plus\"><\/i>\t\t\t<\/div>\n\t\t\t<\/a>\t\t\t\t\t\t<\/div>\n\t\t\t\t\t\t\t\t\t<\/div>\n\t\t\t\t\t\t\t\t\t\t\t\t\t\t\t\t\t\t\t\t<div class=\"elementor-swiper-button elementor-swiper-button-prev\" role=\"button\" tabindex=\"0\">\n\t\t\t\t\t\t\t<i aria-hidden=\"true\" class=\"eicon-chevron-left\"><\/i>\t\t\t\t\t\t\t<span class=\"elementor-screen-only\">Voriger<\/span>\n\t\t\t\t\t\t<\/div>\n\t\t\t\t\t\t<div class=\"elementor-swiper-button elementor-swiper-button-next\" role=\"button\" tabindex=\"0\">\n\t\t\t\t\t\t\t<i aria-hidden=\"true\" class=\"eicon-chevron-right\"><\/i>\t\t\t\t\t\t\t<span class=\"elementor-screen-only\">N\u00e4chster<\/span>\n\t\t\t\t\t\t<\/div>\n\t\t\t\t\t\t\t\t\t\t\t\t<\/div>\n\t\t<\/div>\n\t\t\t\t<\/div>\n\t\t\t\t<\/div>\n\t\t\t\t\t<\/div>\n\t\t<\/div>\n\t\t\t\t\t<\/div>\n\t\t<\/section>\n\t\t\t\t<\/div>\n\t\t","protected":false},"excerpt":{"rendered":"<p>\u00dcber das Unternehmen Wir sind wahre Liebhaber saftiger, nat\u00fcrlicher Aromen, die dank ihrer langj\u00e4hrigen Erfahrung in der Lage sind, den von uns produzierten Sorten beste Wachstumsbedingungen zu bieten. Als Produzent von \u00c4pfeln und anderen Fr\u00fcchten exportieren, kaufen und verkaufen wir diese. Unsere Familientraditionen werden seit 3 \u200b\u200bGenerationen gepr\u00e4gt \u2013 eine so lange Geschichte beweist, dass [&hellip;]<\/p>\n","protected":false},"author":2,"featured_media":0,"parent":0,"menu_order":0,"comment_status":"closed","ping_status":"closed","template":"","meta":{"ocean_post_layout":"","ocean_both_sidebars_style":"","ocean_both_sidebars_content_width":0,"ocean_both_sidebars_sidebars_width":0,"ocean_sidebar":"0","ocean_second_sidebar":"0","ocean_disable_margins":"enable","ocean_add_body_class":"","ocean_shortcode_before_top_bar":"","ocean_shortcode_after_top_bar":"","ocean_shortcode_before_header":"","ocean_shortcode_after_header":"","ocean_has_shortcode":"","ocean_shortcode_after_title":"","ocean_shortcode_before_footer_widgets":"","ocean_shortcode_after_footer_widgets":"","ocean_shortcode_before_footer_bottom":"","ocean_shortcode_after_footer_bottom":"","ocean_display_top_bar":"default","ocean_display_header":"default","ocean_header_style":"","ocean_center_header_left_menu":"0","ocean_custom_header_template":"0","ocean_custom_logo":0,"ocean_custom_retina_logo":0,"ocean_custom_logo_max_width":0,"ocean_custom_logo_tablet_max_width":0,"ocean_custom_logo_mobile_max_width":0,"ocean_custom_logo_max_height":0,"ocean_custom_logo_tablet_max_height":0,"ocean_custom_logo_mobile_max_height":0,"ocean_header_custom_menu":"0","ocean_menu_typo_font_family":"0","ocean_menu_typo_font_subset":"","ocean_menu_typo_font_size":0,"ocean_menu_typo_font_size_tablet":0,"ocean_menu_typo_font_size_mobile":0,"ocean_menu_typo_font_size_unit":"px","ocean_menu_typo_font_weight":"","ocean_menu_typo_font_weight_tablet":"","ocean_menu_typo_font_weight_mobile":"","ocean_menu_typo_transform":"","ocean_menu_typo_transform_tablet":"","ocean_menu_typo_transform_mobile":"","ocean_menu_typo_line_height":0,"ocean_menu_typo_line_height_tablet":0,"ocean_menu_typo_line_height_mobile":0,"ocean_menu_typo_line_height_unit":"","ocean_menu_typo_spacing":0,"ocean_menu_typo_spacing_tablet":0,"ocean_menu_typo_spacing_mobile":0,"ocean_menu_typo_spacing_unit":"","ocean_menu_link_color":"","ocean_menu_link_color_hover":"","ocean_menu_link_color_active":"","ocean_menu_link_background":"","ocean_menu_link_hover_background":"","ocean_menu_link_active_background":"","ocean_menu_social_links_bg":"","ocean_menu_social_hover_links_bg":"","ocean_menu_social_links_color":"","ocean_menu_social_hover_links_color":"","ocean_disable_title":"default","ocean_disable_heading":"default","ocean_post_title":"","ocean_post_subheading":"","ocean_post_title_style":"","ocean_post_title_background_color":"","ocean_post_title_background":0,"ocean_post_title_bg_image_position":"","ocean_post_title_bg_image_attachment":"","ocean_post_title_bg_image_repeat":"","ocean_post_title_bg_image_size":"","ocean_post_title_height":0,"ocean_post_title_bg_overlay":0.5,"ocean_post_title_bg_overlay_color":"","ocean_disable_breadcrumbs":"default","ocean_breadcrumbs_color":"","ocean_breadcrumbs_separator_color":"","ocean_breadcrumbs_links_color":"","ocean_breadcrumbs_links_hover_color":"","ocean_display_footer_widgets":"default","ocean_display_footer_bottom":"default","ocean_custom_footer_template":"0","footnotes":""},"_links":{"self":[{"href":"https:\/\/wttb.pl\/de\/wp-json\/wp\/v2\/pages\/2978"}],"collection":[{"href":"https:\/\/wttb.pl\/de\/wp-json\/wp\/v2\/pages"}],"about":[{"href":"https:\/\/wttb.pl\/de\/wp-json\/wp\/v2\/types\/page"}],"author":[{"embeddable":true,"href":"https:\/\/wttb.pl\/de\/wp-json\/wp\/v2\/users\/2"}],"replies":[{"embeddable":true,"href":"https:\/\/wttb.pl\/de\/wp-json\/wp\/v2\/comments?post=2978"}],"version-history":[{"count":4,"href":"https:\/\/wttb.pl\/de\/wp-json\/wp\/v2\/pages\/2978\/revisions"}],"predecessor-version":[{"id":2982,"href":"https:\/\/wttb.pl\/de\/wp-json\/wp\/v2\/pages\/2978\/revisions\/2982"}],"wp:attachment":[{"href":"https:\/\/wttb.pl\/de\/wp-json\/wp\/v2\/media?parent=2978"}],"curies":[{"name":"wp","href":"https:\/\/api.w.org\/{rel}","templated":true}]}}